{"id":635,"date":"2026-01-10T15:36:13","date_gmt":"2026-01-10T14:36:13","guid":{"rendered":"https:\/\/www.lobnaliverneaux.com\/order-the-book\/"},"modified":"2026-01-10T15:43:06","modified_gmt":"2026-01-10T14:43:06","slug":"order-the-book","status":"publish","type":"page","link":"https:\/\/www.lobnaliverneaux.com\/en\/order-the-book\/","title":{"rendered":"Order the book"},"content":{"rendered":"<div class=\"et_pb_section_0 et_pb_section et_section_regular et_block_section preset--module--divi-section--default\">\n<div class=\"et_pb_row_0 et_pb_row et_block_row et_animated preset--module--divi-row--default\">\n<div class=\"et_pb_column_0 et_pb_column et_pb_column_4_4 et-last-child et_block_column et_pb_css_mix_blend_mode_passthrough\">\n<div class=\"et_pb_heading_0 et_pb_heading et_pb_module et_flex_module preset--module--divi-heading--default\"><div class=\"et_pb_heading_container\"><h2 class=\"et_pb_module_header\">Order the book<\/h2><\/div><\/div>\n\n<div class=\"et_pb_text_0 et_pb_text et_pb_bg_layout_light et_pb_module et_flex_module\"><div class=\"et_pb_text_inner\"><h2>Would you like to order the book \"Tendance Sak\u00e9\"?<\/h2>\n<\/div><\/div>\n\n<div class=\"et_pb_text_1 et_pb_text et_pb_bg_layout_light et_pb_module et_flex_module\"><div class=\"et_pb_text_inner\"><p>Give us your contact details and we'll get back to you to arrange payment and dispatch of your order.<\/p>\n<\/div><\/div>\n\n<div class=\"et_pb_divider_0 et_pb_divider et_pb_space et_pb_divider_position_top et_pb_module\"><div class=\"et_pb_divider_internal\"><\/div><\/div>\n<\/div>\n<\/div>\n\n<div class=\"et_pb_row_1 et_pb_row et_flex_row et_animated preset--module--divi-row--default\">\n<div class=\"et_pb_column_1 et_pb_column et_flex_column et_pb_css_mix_blend_mode_passthrough et_flex_column_16_24 et_flex_column_16_24_tablet et_flex_column_24_24_phone\">\n<div class=\"et_pb_contact_form_0 et_pb_contact_form_container clearfix et_pb_recaptcha_enabled et_pb_module et_flex_module preset--module--divi-contact-form--default\" data-form_unique_num=\"0\" data-form_unique_id=\"7067d836e5cc6b8d0df5f1ee01accc26\" id=\"et_pb_contact_form_7067d836e5cc6b8d0df5f1ee01accc26\"><h2 class=\"et_pb_contact_main_title\">Book order form<\/h2><div class=\"et-pb-contact-message\"><\/div><div class=\"et_pb_contact\"><form class=\"et_pb_contact_form et_flex_module\" method=\"post\" action=\"https:\/\/www.lobnaliverneaux.com\/en\/wp-json\/wp\/v2\/pages\/635\">\n<div class=\"et_pb_contact_field_0 et_pb_contact_field et_pb_module et_flex_module et_flex_column_24_24 et_flex_column_24_24_tablet et_flex_column_24_24_phone\" data-id=\"nom\" data-type=\"input\"><label class=\"et_pb_contact_form_label\">Name<\/label><input type=\"text\" name=\"et_pb_contact_0_nom_0\" id=\"et_pb_contact_0_nom_0\" class=\"input\" data-required_mark=\"required\" data-field_type=\"input\" data-original_id=\"nom\" placeholder=\"Name\" title=\"\" value=\"\" \/><\/div>\n\n<div class=\"et_pb_contact_field_1 et_pb_contact_field et_pb_module et_flex_module et_flex_column_24_24 et_flex_column_24_24_tablet et_flex_column_24_24_phone\" data-id=\"prenom\" data-type=\"input\"><label class=\"et_pb_contact_form_label\">First name<\/label><input type=\"text\" name=\"et_pb_contact_0_prenom_1\" id=\"et_pb_contact_0_prenom_1\" class=\"input\" data-required_mark=\"required\" data-field_type=\"input\" data-original_id=\"prenom\" placeholder=\"First name\" title=\"\" value=\"\" \/><\/div>\n\n<div class=\"et_pb_contact_field_2 et_pb_contact_field et_pb_module et_flex_module et_flex_column_24_24 et_flex_column_24_24_tablet et_flex_column_24_24_phone\" data-id=\"email\" data-type=\"email\"><label class=\"et_pb_contact_form_label\">E-mail address<\/label><input type=\"text\" name=\"et_pb_contact_0_email_2\" id=\"et_pb_contact_0_email_2\" class=\"input\" data-required_mark=\"required\" data-field_type=\"email\" data-original_id=\"email\" placeholder=\"E-mail address\" title=\"\" value=\"\" \/><\/div>\n\n<div class=\"et_pb_contact_field_3 et_pb_contact_field et_pb_module et_flex_module et_flex_column_24_24 et_flex_column_24_24_tablet et_flex_column_24_24_phone\" data-id=\"tel\" data-type=\"input\"><label class=\"et_pb_contact_form_label\">Phone<\/label><input type=\"text\" name=\"et_pb_contact_0_tel_3\" id=\"et_pb_contact_0_tel_3\" class=\"input\" data-required_mark=\"required\" data-field_type=\"input\" data-original_id=\"tel\" placeholder=\"Phone\" title=\"\" value=\"\" \/><\/div>\n\n<div class=\"et_pb_contact_field_4 et_pb_contact_field et_pb_module et_flex_module et_flex_column_24_24 et_flex_column_24_24_tablet et_flex_column_24_24_phone\" data-id=\"adresse\" data-type=\"input\"><label class=\"et_pb_contact_form_label\">Address (street number and name)<\/label><input type=\"text\" name=\"et_pb_contact_0_adresse_4\" id=\"et_pb_contact_0_adresse_4\" class=\"input\" data-required_mark=\"required\" data-field_type=\"input\" data-original_id=\"adresse\" placeholder=\"Address (street number and name)\" title=\"\" value=\"\" \/><\/div>\n\n<div class=\"et_pb_contact_field_5 et_pb_contact_field et_pb_module et_flex_module et_flex_column_24_24 et_flex_column_24_24_tablet et_flex_column_24_24_phone\" data-id=\"code_postal\" data-type=\"input\"><label class=\"et_pb_contact_form_label\">Postal code<\/label><input type=\"text\" name=\"et_pb_contact_0_code_postal_5\" id=\"et_pb_contact_0_code_postal_5\" class=\"input\" data-required_mark=\"required\" data-field_type=\"input\" data-original_id=\"code_postal\" placeholder=\"Postal code\" title=\"\" value=\"\" \/><\/div>\n\n<div class=\"et_pb_contact_field_6 et_pb_contact_field et_pb_module et_flex_module et_flex_column_24_24 et_flex_column_24_24_tablet et_flex_column_24_24_phone\" data-id=\"ville\" data-type=\"input\"><label class=\"et_pb_contact_form_label\">City<\/label><input type=\"text\" name=\"et_pb_contact_0_ville_6\" id=\"et_pb_contact_0_ville_6\" class=\"input\" data-required_mark=\"required\" data-field_type=\"input\" data-original_id=\"ville\" placeholder=\"City\" title=\"\" value=\"\" \/><\/div>\n\n<div class=\"et_pb_contact_field_7 et_pb_contact_field et_pb_module et_flex_module et_flex_column_24_24 et_flex_column_24_24_tablet et_flex_column_24_24_phone\" data-id=\"message\" data-type=\"text\"><label class=\"et_pb_contact_form_label\">Message<\/label><textarea name=\"et_pb_contact_0_message_7\" id=\"et_pb_contact_0_message_7\" class=\"et_pb_contact_message input\" data-required_mark=\"required\" data-field_type=\"text\" data-original_id=\"message\" placeholder=\"Message\"><\/textarea><\/div>\n\n<div class=\"et_pb_contact_field_8 et_pb_contact_field et_pb_module et_flex_module et_flex_column_24_24 et_flex_column_24_24_tablet et_flex_column_24_24_phone hide-en\" data-id=\"field_6\" data-type=\"checkbox\"><label class=\"et_pb_contact_form_label\">Data protection<\/label><input type=\"hidden\" name=\"et_pb_contact_0_field_6_8\" class=\"et_pb_checkbox_handle\" data-required_mark=\"not_required\" data-field_type=\"checkbox\" data-original_id=\"field_6\" \/><span class=\"et_pb_contact_field_options_wrapper\"><span class=\"et_pb_contact_field_options_title\">Data protection<\/span><span class=\"et_pb_contact_field_options_list\"><span class=\"et_pb_contact_field_checkbox\"><input type=\"checkbox\" id=\"et_pb_contact_0_field_6_8_0\" class=\"input\" value=\"J\u2019accepte que mes donn\u00e9es soient trait\u00e9es conform\u00e9ment \u00e0 la politique de confidentialit\u00e9.\" data-required_mark=\"not_required\" data-field_type=\"checkbox\" data-original_id=\"field_6\" \/><label for=\"et_pb_contact_0_field_6_8_0\"><i><\/i>J\u2019accepte que mes donn\u00e9es soient trait\u00e9es conform\u00e9ment \u00e0 la politique de confidentialit\u00e9.<\/label><\/span><\/span><\/span><\/div>\n\n<div class=\"et_pb_contact_field_9 et_pb_contact_field et_pb_module et_flex_module et_flex_column_24_24 et_flex_column_24_24_tablet et_flex_column_24_24_phone hide-fr\" data-id=\"field_6_2\" data-type=\"checkbox\"><label class=\"et_pb_contact_form_label\">Date Protection<\/label><input type=\"hidden\" name=\"et_pb_contact_0_field_6_2_9\" class=\"et_pb_checkbox_handle\" data-required_mark=\"not_required\" data-field_type=\"checkbox\" data-original_id=\"field_6_2\" \/><span class=\"et_pb_contact_field_options_wrapper\"><span class=\"et_pb_contact_field_options_title\">Date Protection<\/span><span class=\"et_pb_contact_field_options_list\"><span class=\"et_pb_contact_field_checkbox\"><input type=\"checkbox\" id=\"et_pb_contact_0_field_6_2_9_0\" class=\"input\" value=\"I agree that my data will be processed in accordance with the privacy policy.\" data-required_mark=\"not_required\" data-field_type=\"checkbox\" data-original_id=\"field_6_2\" \/><label for=\"et_pb_contact_0_field_6_2_9_0\"><i><\/i>I agree that my data will be processed in accordance with the privacy policy.<\/label><\/span><\/span><\/span><\/div>\n<input type=\"hidden\" name=\"et_pb_contactform_submit_7067d836e5cc6b8d0df5f1ee01accc26\" value=\"et_contact_proccess\" \/><div class=\"et_contact_bottom_container\"><div class=\"et_pb_button_wrapper\"><button type=\"submit\" name=\"et_builder_submit_button\" class=\"et_pb_button et_pb_contact_submit\">Send<\/button><\/div><\/div><input type=\"hidden\" id=\"_wpnonce-et-pb-contact-form-submitted-7067d836e5cc6b8d0df5f1ee01accc26\" name=\"_wpnonce-et-pb-contact-form-submitted-7067d836e5cc6b8d0df5f1ee01accc26\" value=\"56f8696ec4\" \/><input type=\"hidden\" name=\"_wp_http_referer\" value=\"\/en\/wp-json\/wp\/v2\/pages\/635\" \/><\/form><\/div><\/div>\n<\/div>\n\n<div class=\"et_pb_column_2 et_pb_column et-last-child et_flex_column et_pb_css_mix_blend_mode_passthrough et_flex_column_8_24 et_flex_column_8_24_tablet et_flex_column_24_24_phone\">\n<div class=\"et_pb_image_0 et_pb_image et_pb_module et_flex_module\" alt=\"Photo de Lobna Liverneaux tenant un plateau de sak\u00e9 en tenue traditionnelle japonaise\"><span class=\"et_pb_image_wrap\"><img decoding=\"async\" src=\"https:\/\/www.lobnaliverneaux.com\/wp-content\/uploads\/2025\/11\/lobna-liverneaux-tendance-sake-livre-sake.webp\" title=\"lobna-liverneaux-tendance-sake-livre-sake\" width=\"800\" height=\"1200\" srcset=\"https:\/\/www.lobnaliverneaux.com\/wp-content\/uploads\/2025\/11\/lobna-liverneaux-tendance-sake-livre-sake.webp 800w, https:\/\/www.lobnaliverneaux.com\/wp-content\/uploads\/2025\/11\/lobna-liverneaux-tendance-sake-livre-sake-480x720.webp 480w\" sizes=\"(min-width: 0px) and (max-width: 480px) 480px, (min-width: 481px) 800px, 100vw\" class=\"wp-image-271\" \/><\/span><\/div>\n<\/div>\n<\/div>\n<\/div>","protected":false},"excerpt":{"rendered":"","protected":false},"author":2,"featured_media":0,"parent":0,"menu_order":0,"comment_status":"closed","ping_status":"closed","template":"","meta":{"_acf_changed":false,"footnotes":""},"folder":[],"class_list":["post-635","page","type-page","status-publish","hentry"],"acf":[],"_links":{"self":[{"href":"https:\/\/www.lobnaliverneaux.com\/en\/wp-json\/wp\/v2\/pages\/635","targetHints":{"allow":["GET"]}}],"collection":[{"href":"https:\/\/www.lobnaliverneaux.com\/en\/wp-json\/wp\/v2\/pages"}],"about":[{"href":"https:\/\/www.lobnaliverneaux.com\/en\/wp-json\/wp\/v2\/types\/page"}],"author":[{"embeddable":true,"href":"https:\/\/www.lobnaliverneaux.com\/en\/wp-json\/wp\/v2\/users\/2"}],"replies":[{"embeddable":true,"href":"https:\/\/www.lobnaliverneaux.com\/en\/wp-json\/wp\/v2\/comments?post=635"}],"version-history":[{"count":2,"href":"https:\/\/www.lobnaliverneaux.com\/en\/wp-json\/wp\/v2\/pages\/635\/revisions"}],"predecessor-version":[{"id":647,"href":"https:\/\/www.lobnaliverneaux.com\/en\/wp-json\/wp\/v2\/pages\/635\/revisions\/647"}],"wp:attachment":[{"href":"https:\/\/www.lobnaliverneaux.com\/en\/wp-json\/wp\/v2\/media?parent=635"}],"wp:term":[{"taxonomy":"folder","embeddable":true,"href":"https:\/\/www.lobnaliverneaux.com\/en\/wp-json\/wp\/v2\/folder?post=635"}],"curies":[{"name":"wp","href":"https:\/\/api.w.org\/{rel}","templated":true}]}}