{"id":579,"date":"2025-11-30T15:27:14","date_gmt":"2025-11-30T14:27:14","guid":{"rendered":"https:\/\/www.lobnaliverneaux.com\/press\/"},"modified":"2026-01-10T15:14:42","modified_gmt":"2026-01-10T14:14:42","slug":"press","status":"publish","type":"page","link":"https:\/\/www.lobnaliverneaux.com\/en\/press\/","title":{"rendered":"Press"},"content":{"rendered":"<div class=\"et_pb_section_0 et_pb_section et_section_regular et_block_section preset--module--divi-section--default\">\n<div class=\"et_pb_row_0 et_pb_row et_block_row et_animated preset--module--divi-row--default\">\n<div class=\"et_pb_column_0 et_pb_column et_pb_column_4_4 et-last-child et_block_column et_pb_css_mix_blend_mode_passthrough\">\n<div class=\"et_pb_heading_0 et_pb_heading et_pb_module et_flex_module preset--module--divi-heading--default\"><div class=\"et_pb_heading_container\"><h2 class=\"et_pb_module_header\">Our press releases<\/h2><\/div><\/div>\n\n<div class=\"et_pb_text_0 et_pb_text et_pb_bg_layout_light et_pb_module et_flex_module\"><div class=\"et_pb_text_inner\"><h2>We&#8217;re in the news<\/h2>\n<\/div><\/div>\n\n<div class=\"et_pb_divider_0 et_pb_divider et_pb_space et_pb_divider_position_top et_pb_module\"><div class=\"et_pb_divider_internal\"><\/div><\/div>\n<\/div>\n<\/div>\n\n<div class=\"et_pb_row_1 et_pb_row et_grid_row et_animated preset--module--divi-row--default\"><div class=\"et_pb_column_1 et_pb_column et_flex_column et_pb_css_mix_blend_mode_passthrough\" data-loop-item=\"0\">\n<div class=\"et_pb_image_0 et_pb_image et_pb_module et_flex_module\"><span class=\"et_pb_image_wrap\"><img decoding=\"async\" src=\"https:\/\/www.lobnaliverneaux.com\/wp-content\/uploads\/2026\/01\/Image1.jpg\" width=\"265\" height=\"265\" srcset=\"https:\/\/www.lobnaliverneaux.com\/wp-content\/uploads\/2026\/01\/Image1.jpg 265w, https:\/\/www.lobnaliverneaux.com\/wp-content\/uploads\/2026\/01\/Image1-150x150.jpg 150w\" sizes=\"(max-width: 265px) 100vw, 265px\" class=\"wp-image-652\" \/><\/span><\/div>\n\n<div class=\"et_pb_text_1 et_pb_text et_pb_bg_layout_light et_pb_module et_flex_module preset--module--divi-text--4nbaok57za\"><div class=\"et_pb_text_inner\"><p>ici 19\/20 France 3 Alsace<\/p>\n<\/div><\/div>\n\n<div class=\"et_pb_heading_1 et_pb_heading et_clickable et_pb_module et_flex_module preset--module--divi-heading--default\"><div class=\"et_pb_heading_container\"><h3 class=\"et_pb_module_header\">Universit\u00e9 Populaire Europ\u00e9enne (extrait \u00e0 13:00&quot;)<\/h3><\/div><\/div>\n\n<div class=\"et_pb_text_2 et_pb_text et_pb_bg_layout_light et_pb_module et_flex_module\"><div class=\"et_pb_text_inner\"><p> <a href=\"https:\/\/www.lobnaliverneaux.com\/en\/parution-presse\/universite-populaire-europeenne\/\">Lire la suite<\/a><\/p>\n<\/div><\/div>\n\n<div class=\"et_pb_module et_pb_button_module_wrapper et_pb_button_0_wrapper preset--module--divi-button--default_wrapper\"><a class=\"et_pb_button_0 et_pb_button et_pb_bg_layout_light et_pb_module et_flex_module preset--module--divi-button--default\" href=\"https:\/\/france3-regions.franceinfo.fr\/grand-est\/programmes\/france-3_grand-est_france-3-alsace?id=8050341\" target=\"_blank\">See the publication<\/a><\/div>\n<\/div><div class=\"et_pb_column_2 et_pb_column et_flex_column et_pb_css_mix_blend_mode_passthrough\" data-loop-item=\"1\">\n<div class=\"et_pb_image_1 et_pb_image et_pb_module et_flex_module\"><span class=\"et_pb_image_wrap\"><img decoding=\"async\" src=\"https:\/\/www.lobnaliverneaux.com\/wp-content\/uploads\/2025\/12\/Image1.jpg\" width=\"474\" height=\"355\" srcset=\"https:\/\/www.lobnaliverneaux.com\/wp-content\/uploads\/2025\/12\/Image1.jpg 474w, https:\/\/www.lobnaliverneaux.com\/wp-content\/uploads\/2025\/12\/Image1-300x225.jpg 300w\" sizes=\"(max-width: 474px) 100vw, 474px\" class=\"wp-image-527\" \/><\/span><\/div>\n\n<div class=\"et_pb_text_3 et_pb_text et_pb_bg_layout_light et_pb_module et_flex_module preset--module--divi-text--4nbaok57za\"><div class=\"et_pb_text_inner\"><p>France 3 Alsace<\/p>\n<\/div><\/div>\n\n<div class=\"et_pb_heading_2 et_pb_heading et_clickable et_pb_module et_flex_module preset--module--divi-heading--default\"><div class=\"et_pb_heading_container\"><h3 class=\"et_pb_module_header\">Quand les \u00e9pices du monde rencontrent le c\u0153ur : l\u2019aventure culinaire de Lobna\u202fLiverneaux<\/h3><\/div><\/div>\n\n<div class=\"et_pb_text_4 et_pb_text et_pb_bg_layout_light et_pb_module et_flex_module\"><div class=\"et_pb_text_inner\"><p> <a href=\"https:\/\/www.lobnaliverneaux.com\/en\/parution-presse\/quand-les-epices-du-monde-rencontrent-le-coeur-laventure-culinaire-de-lobna-liverneaux\/\">Lire la suite<\/a><\/p>\n<\/div><\/div>\n\n<div class=\"et_pb_module et_pb_button_module_wrapper et_pb_button_1_wrapper preset--module--divi-button--default_wrapper\"><a class=\"et_pb_button_1 et_pb_button et_pb_bg_layout_light et_pb_module et_flex_module preset--module--divi-button--default\" href=\"https:\/\/youtu.be\/gBROAvss-h0?si=5l6boqigwn0T0l-K\" target=\"_blank\">See the publication<\/a><\/div>\n<\/div><div class=\"et_pb_column_3 et_pb_column et_flex_column et_pb_css_mix_blend_mode_passthrough\" data-loop-item=\"2\">\n<div class=\"et_pb_image_2 et_pb_image et_pb_module et_flex_module\"><span class=\"et_pb_image_wrap\"><img decoding=\"async\" src=\"https:\/\/www.lobnaliverneaux.com\/wp-content\/uploads\/2025\/12\/All-wine-stories-image-PR.png\" width=\"300\" height=\"45\" sizes=\"(max-width: 300px) 100vw, 300px\" class=\"wp-image-515\" \/><\/span><\/div>\n\n<div class=\"et_pb_text_5 et_pb_text et_pb_bg_layout_light et_pb_module et_flex_module preset--module--divi-text--4nbaok57za\"><div class=\"et_pb_text_inner\"><p>All Wine Stories<\/p>\n<\/div><\/div>\n\n<div class=\"et_pb_heading_3 et_pb_heading et_clickable et_pb_module et_flex_module preset--module--divi-heading--default\"><div class=\"et_pb_heading_container\"><h3 class=\"et_pb_module_header\">Allwinestories presents\u00a0Lobna Liverneaux, artiste gastronome, private cheffe and\u00a0Sak\u00e9 Sommeli\u00e8re.\u00a0<\/h3><\/div><\/div>\n\n<div class=\"et_pb_text_6 et_pb_text et_pb_bg_layout_light et_pb_module et_flex_module\"><div class=\"et_pb_text_inner\"><p>We will embark on a captivating journey through the enchanting realm of haute French gastronomy, where each dish is perfectly paired with the exquisite artistry of sake. <a href=\"https:\/\/www.lobnaliverneaux.com\/en\/parution-presse\/allwinestories-presents-lobna-liverneaux-artiste-gastronome-private-cheffe-and-sake-sommeliere\/\">Lire la suite<\/a><\/p>\n<\/div><\/div>\n\n<div class=\"et_pb_module et_pb_button_module_wrapper et_pb_button_2_wrapper preset--module--divi-button--default_wrapper\"><a class=\"et_pb_button_2 et_pb_button et_pb_bg_layout_light et_pb_module et_flex_module preset--module--divi-button--default\" href=\"https:\/\/www.allwinestories.com\/index.php\/en\/109-stories\/1136-lobna-liverneaux-haute-french-gastronomy-artist\" target=\"_blank\">See the publication<\/a><\/div>\n<\/div><div class=\"et_pb_column_4 et_pb_column et_flex_column et_pb_css_mix_blend_mode_passthrough\" data-loop-item=\"3\">\n<div class=\"et_pb_image_3 et_pb_image et_pb_module et_flex_module\"><span class=\"et_pb_image_wrap\"><img decoding=\"async\" src=\"https:\/\/www.lobnaliverneaux.com\/wp-content\/uploads\/2025\/11\/logo.webp\" width=\"300\" height=\"300\" srcset=\"https:\/\/www.lobnaliverneaux.com\/wp-content\/uploads\/2025\/11\/logo.webp 300w, https:\/\/www.lobnaliverneaux.com\/wp-content\/uploads\/2025\/11\/logo-150x150.webp 150w\" sizes=\"(max-width: 300px) 100vw, 300px\" class=\"wp-image-256\" \/><\/span><\/div>\n\n<div class=\"et_pb_text_7 et_pb_text et_pb_bg_layout_light et_pb_module et_flex_module preset--module--divi-text--4nbaok57za\"><div class=\"et_pb_text_inner\"><p>Top Music<\/p>\n<\/div><\/div>\n\n<div class=\"et_pb_heading_4 et_pb_heading et_clickable et_pb_module et_flex_module preset--module--divi-heading--default\"><div class=\"et_pb_heading_container\"><h3 class=\"et_pb_module_header\">Le parcours de Lobna Liverneaux<\/h3><\/div><\/div>\n\n<div class=\"et_pb_text_8 et_pb_text et_pb_bg_layout_light et_pb_module et_flex_module\"><div class=\"et_pb_text_inner\"><p>Artiste, gastronome, cheffe priv\u00e9e,\u00a0Lobna Liverneaux\u00a0\u00e9veille tous nos sens en un d\u00eener. Mais pas n\u2019importe quel d\u00eener ! Pas de restaurant, pas de salle, une table de 10 personnes, chez elle, sur\u00a0une cuisine ouverte, Lobna r\u00e9gale ses convives et leur fait vivre\u00a0une v\u00e9ritable exp\u00e9rience \u00e9motionnelle. \u00ab Cuisine \u00c9motionnelle \u00bb c\u2019est le nom de cette parenth\u00e8se gastronomique [&hellip;] <a href=\"https:\/\/www.lobnaliverneaux.com\/en\/parution-presse\/podium-77-le-parcours-de-lobna-liverneaux\/\">Lire la suite<\/a><\/p>\n<\/div><\/div>\n\n<div class=\"et_pb_module et_pb_button_module_wrapper et_pb_button_3_wrapper preset--module--divi-button--default_wrapper\"><a class=\"et_pb_button_3 et_pb_button et_pb_bg_layout_light et_pb_module et_flex_module preset--module--divi-button--default\" href=\"https:\/\/www.topmusic.fr\/podium-77-le-parcours-de-lobna-liverneaux\" target=\"_blank\">See the publication<\/a><\/div>\n<\/div><div class=\"et_pb_column_5 et_pb_column et_flex_column et_pb_css_mix_blend_mode_passthrough\" data-loop-item=\"4\">\n<div class=\"et_pb_image_4 et_pb_image et_pb_module et_flex_module\"><span class=\"et_pb_image_wrap\"><img decoding=\"async\" src=\"https:\/\/www.lobnaliverneaux.com\/wp-content\/uploads\/2025\/11\/logo.webp\" width=\"300\" height=\"300\" srcset=\"https:\/\/www.lobnaliverneaux.com\/wp-content\/uploads\/2025\/11\/logo.webp 300w, https:\/\/www.lobnaliverneaux.com\/wp-content\/uploads\/2025\/11\/logo-150x150.webp 150w\" sizes=\"(max-width: 300px) 100vw, 300px\" class=\"wp-image-256\" \/><\/span><\/div>\n\n<div class=\"et_pb_text_9 et_pb_text et_pb_bg_layout_light et_pb_module et_flex_module preset--module--divi-text--4nbaok57za\"><div class=\"et_pb_text_inner\"><p>TOP Music<\/p>\n<\/div><\/div>\n\n<div class=\"et_pb_heading_5 et_pb_heading et_clickable et_pb_module et_flex_module preset--module--divi-heading--default\"><div class=\"et_pb_heading_container\"><h3 class=\"et_pb_module_header\">Lobna Liverneaux, organisatrice des ateliers de sommellerie du Sak\u00e9 \u00e0 l&#039;universit\u00e9 europ\u00e9enne de Strasbourg !<\/h3><\/div><\/div>\n\n<div class=\"et_pb_text_10 et_pb_text et_pb_bg_layout_light et_pb_module et_flex_module\"><div class=\"et_pb_text_inner\"><p> <a href=\"https:\/\/www.lobnaliverneaux.com\/en\/parution-presse\/lobna-liverneaux-organisatrice-des-ateliers-de-sommellerie-du-sake-a-luniversite-europeenne-de-strasbourg\/\">Lire la suite<\/a><\/p>\n<\/div><\/div>\n\n<div class=\"et_pb_module et_pb_button_module_wrapper et_pb_button_4_wrapper preset--module--divi-button--default_wrapper\"><a class=\"et_pb_button_4 et_pb_button et_pb_bg_layout_light et_pb_module et_flex_module preset--module--divi-button--default\" href=\"https:\/\/www.topmusic.fr\/lobna-liverneaux-organisatrice-des-ateliers-cuisine-a-l-universite-europeenne-de-strasbourg\" target=\"_blank\">See the publication<\/a><\/div>\n<\/div><div class=\"et_pb_column_6 et_pb_column et-last-child et_flex_column et_pb_css_mix_blend_mode_passthrough\" data-loop-item=\"5\">\n<div class=\"et_pb_image_5 et_pb_image et_pb_module et_flex_module\"><span class=\"et_pb_image_wrap\"><img decoding=\"async\" src=\"https:\/\/www.lobnaliverneaux.com\/wp-content\/uploads\/2025\/11\/logo-france-bleu.jpg\" width=\"98\" height=\"59\" sizes=\"(max-width: 98px) 100vw, 98px\" class=\"wp-image-252\" \/><\/span><\/div>\n\n<div class=\"et_pb_text_11 et_pb_text et_pb_bg_layout_light et_pb_module et_flex_module preset--module--divi-text--4nbaok57za\"><div class=\"et_pb_text_inner\"><p>France Bleu<\/p>\n<\/div><\/div>\n\n<div class=\"et_pb_heading_6 et_pb_heading et_clickable et_pb_module et_flex_module preset--module--divi-heading--default\"><div class=\"et_pb_heading_container\"><h3 class=\"et_pb_module_header\">Lobna Liverneaux, unique sak\u00e9 pioneer de France nous pr\u00e9sente son art<\/h3><\/div><\/div>\n\n<div class=\"et_pb_text_12 et_pb_text et_pb_bg_layout_light et_pb_module et_flex_module\"><div class=\"et_pb_text_inner\"><p> <a href=\"https:\/\/www.lobnaliverneaux.com\/en\/parution-presse\/lobna-liverneaux-unique-sake-pioneer-de-france-nous-presente-son-art\/\">Lire la suite<\/a><\/p>\n<\/div><\/div>\n\n<div class=\"et_pb_module et_pb_button_module_wrapper et_pb_button_5_wrapper preset--module--divi-button--default_wrapper\"><a class=\"et_pb_button_5 et_pb_button et_pb_bg_layout_light et_pb_module et_flex_module preset--module--divi-button--default\" href=\"https:\/\/www.francebleu.fr\/emissions\/un-alsacien-une-alsacienne-formidable\/lobna-liverneaux-unique-sake-pioneer-de-france-nous-presente-son-art-2243226\" target=\"_blank\">See the publication<\/a><\/div>\n<\/div><\/div>\n\n<div class=\"et_pb_row_2 et_pb_row et_flex_row preset--module--divi-row--default\">\n<div class=\"et_pb_column_7 et_pb_column et-last-child et_flex_column et_pb_css_mix_blend_mode_passthrough et_flex_column_24_24 et_flex_column_24_24_tablet et_flex_column_24_24_phone\">\n<div class=\"et_pb_post_nav_0 et_pb_posts_nav nav-single et_pb_module et_flex_module\"><\/div>\n<\/div>\n<\/div>\n<\/div>","protected":false},"excerpt":{"rendered":"","protected":false},"author":2,"featured_media":0,"parent":0,"menu_order":0,"comment_status":"closed","ping_status":"closed","template":"","meta":{"_acf_changed":false,"footnotes":""},"folder":[],"class_list":["post-579","page","type-page","status-publish","hentry"],"acf":[],"_links":{"self":[{"href":"https:\/\/www.lobnaliverneaux.com\/en\/wp-json\/wp\/v2\/pages\/579","targetHints":{"allow":["GET"]}}],"collection":[{"href":"https:\/\/www.lobnaliverneaux.com\/en\/wp-json\/wp\/v2\/pages"}],"about":[{"href":"https:\/\/www.lobnaliverneaux.com\/en\/wp-json\/wp\/v2\/types\/page"}],"author":[{"embeddable":true,"href":"https:\/\/www.lobnaliverneaux.com\/en\/wp-json\/wp\/v2\/users\/2"}],"replies":[{"embeddable":true,"href":"https:\/\/www.lobnaliverneaux.com\/en\/wp-json\/wp\/v2\/comments?post=579"}],"version-history":[{"count":4,"href":"https:\/\/www.lobnaliverneaux.com\/en\/wp-json\/wp\/v2\/pages\/579\/revisions"}],"predecessor-version":[{"id":585,"href":"https:\/\/www.lobnaliverneaux.com\/en\/wp-json\/wp\/v2\/pages\/579\/revisions\/585"}],"wp:attachment":[{"href":"https:\/\/www.lobnaliverneaux.com\/en\/wp-json\/wp\/v2\/media?parent=579"}],"wp:term":[{"taxonomy":"folder","embeddable":true,"href":"https:\/\/www.lobnaliverneaux.com\/en\/wp-json\/wp\/v2\/folder?post=579"}],"curies":[{"name":"wp","href":"https:\/\/api.w.org\/{rel}","templated":true}]}}